{"id":1634,"date":"2015-10-03T13:08:54","date_gmt":"2015-10-03T13:08:54","guid":{"rendered":"https:\/\/pistetopowder.com\/ski-level\/"},"modified":"2023-11-07T14:01:12","modified_gmt":"2023-11-07T14:01:12","slug":"ski-level","status":"publish","type":"page","link":"https:\/\/pistetopowder.com\/de\/ski-level\/","title":{"rendered":"Ski Level"},"content":{"rendered":"\n<style type=\"text\/css\" data-created_by=\"avia_inline_auto\" id=\"style-css-av-av_section-db6bb5db1cd2830d531284f405bf6a18\">\n.avia-section.av-av_section-db6bb5db1cd2830d531284f405bf6a18{\nbackground-repeat:no-repeat;\nbackground-image:url(https:\/\/pistetopowder.com\/wp-content\/uploads\/2015\/10\/ptp-hintergrund-headline_grau-1500x430.jpg);\nbackground-position:50% 0%;\nbackground-attachment:scroll;\n}\n<\/style>\n<div id='main-headline'  class='avia-section av-av_section-db6bb5db1cd2830d531284f405bf6a18 main_color avia-section-no-padding avia-no-border-styling  avia-builder-el-0  el_before_av_one_full  avia-builder-el-first  avia-full-stretch avia-bg-style-scroll container_wrap sidebar_right'  data-section-bg-repeat='stretch'><div class='container av-section-cont-open' ><main  role=\"main\" itemprop=\"mainContentOfPage\"  class='template-page content  av-content-small alpha units'><div class='post-entry post-entry-type-page post-entry-1634'><div class='entry-content-wrapper clearfix'>\n\n<style type=\"text\/css\" data-created_by=\"avia_inline_auto\" id=\"style-css-av-av_heading-c77e9d90a731752fce83f18aad8b44c7\">\n#top .av-special-heading.av-av_heading-c77e9d90a731752fce83f18aad8b44c7{\npadding-bottom:0;\nfont-size:36px;\n}\nbody .av-special-heading.av-av_heading-c77e9d90a731752fce83f18aad8b44c7 .av-special-heading-tag .heading-char{\nfont-size:25px;\n}\n#top #wrap_all .av-special-heading.av-av_heading-c77e9d90a731752fce83f18aad8b44c7 .av-special-heading-tag{\nfont-size:36px;\n}\n.av-special-heading.av-av_heading-c77e9d90a731752fce83f18aad8b44c7 .av-subheading{\nfont-size:15px;\n}\n\n@media only screen and (min-width: 480px) and (max-width: 767px){ \n#top #wrap_all .av-special-heading.av-av_heading-c77e9d90a731752fce83f18aad8b44c7 .av-special-heading-tag{\nfont-size:0.8em;\n}\n}\n\n@media only screen and (max-width: 479px){ \n#top #wrap_all .av-special-heading.av-av_heading-c77e9d90a731752fce83f18aad8b44c7 .av-special-heading-tag{\nfont-size:0.8em;\n}\n}\n<\/style>\n<div  class='av-special-heading av-av_heading-c77e9d90a731752fce83f18aad8b44c7 av-special-heading-h1 blockquote modern-quote modern-centered  avia-builder-el-1  avia-builder-el-no-sibling  av-inherit-size'><h1 class='av-special-heading-tag '  itemprop=\"headline\"  >Freeride Anf\u00e4nger oder doch Pro? <\/h1><div class=\"special-heading-border\"><div class=\"special-heading-inner-border\"><\/div><\/div><\/div>\n<\/div><\/div><\/main><!-- close content main element --><\/div><\/div><div id='after_section_1'  class='main_color av_default_container_wrap container_wrap sidebar_right'  ><div class='container av-section-cont-open' ><div class='template-page content  av-content-small alpha units'><div class='post-entry post-entry-type-page post-entry-1634'><div class='entry-content-wrapper clearfix'>\n\n<style type=\"text\/css\" data-created_by=\"avia_inline_auto\" id=\"style-css-av-av_one_full-352b07ef7d3bc99b2e9f92e7a9e06bdb\">\n.flex_column.av-av_one_full-352b07ef7d3bc99b2e9f92e7a9e06bdb{\nborder-radius:0px 0px 0px 0px;\npadding:0px 0px 0px 0px;\n}\n<\/style>\n<div  class='flex_column av-av_one_full-352b07ef7d3bc99b2e9f92e7a9e06bdb av_one_full  avia-builder-el-2  el_after_av_section  el_before_av_hr  avia-builder-el-first  first flex_column_div av-zero-column-padding  '     ><section  class='av_textblock_section av-av_textblock-0366cc7376be6c9e82a3e9cc8987b64f '   itemscope=\"itemscope\" itemtype=\"https:\/\/schema.org\/CreativeWork\" ><div class='avia_textblock'  itemprop=\"text\" ><p style=\"font-size: 0.9em; line-height: 1.5em;\">Die Schieberegler helfen dir deine Freeride-K\u00f6nnerstufe zu ermitteln, sodass wir dich der passenden Gruppe zuweisen k\u00f6nnen.<\/p>\n<p style=\"font-size: 0.9em; line-height: 1.5em;\">Sch\u00e4tze deine Fitness und deine Freeride Technik ehrlich ein, damit dein Freeride Tag nicht schon zu Mittag zu Ende ist!<\/p>\n<\/div><\/section><\/div>\n\n<style type=\"text\/css\" data-created_by=\"avia_inline_auto\" id=\"style-css-av-av_hr-22b2c95b934dc9c4342fef8b904fb51c\">\n#top .hr.hr-invisible.av-av_hr-22b2c95b934dc9c4342fef8b904fb51c{\nheight:70px;\n}\n<\/style>\n<div  class='hr av-av_hr-22b2c95b934dc9c4342fef8b904fb51c hr-invisible  avia-builder-el-4  el_after_av_one_full  el_before_av_three_fourth '><span class='hr-inner '><span class=\"hr-inner-style\"><\/span><\/span><\/div>\n\n<style type=\"text\/css\" data-created_by=\"avia_inline_auto\" id=\"style-css-av-av_three_fourth-352b07ef7d3bc99b2e9f92e7a9e06bdb\">\n.flex_column.av-av_three_fourth-352b07ef7d3bc99b2e9f92e7a9e06bdb{\nborder-radius:0px 0px 0px 0px;\npadding:0px 0px 0px 0px;\n}\n<\/style>\n<div  class='flex_column av-av_three_fourth-352b07ef7d3bc99b2e9f92e7a9e06bdb av_three_fourth  avia-builder-el-5  el_after_av_hr  el_before_av_one_fourth  first flex_column_div av-zero-column-padding  '     ><\/div>\n\n<style type=\"text\/css\" data-created_by=\"avia_inline_auto\" id=\"style-css-av-av_one_fourth-2a64de42b738552fe666ca889af77e28\">\n.flex_column.av-av_one_fourth-2a64de42b738552fe666ca889af77e28{\nborder-radius:0px 0px 0px 0px;\npadding:0px 0px 0px 0px;\n}\n<\/style>\n<div  class='flex_column av-av_one_fourth-2a64de42b738552fe666ca889af77e28 av_one_fourth  avia-builder-el-7  el_after_av_three_fourth  el_before_av_hr  flex_column_div av-zero-column-padding  '     ><\/div>\n<div  class='hr av-av_hr-3d7ec836f4aea070c26f86e2acece570 hr-default  avia-builder-el-9  el_after_av_one_fourth  el_before_av_icon_box '><span class='hr-inner '><span class=\"hr-inner-style\"><\/span><\/span><\/div>\n\n<style type=\"text\/css\" data-created_by=\"avia_inline_auto\" id=\"style-css-av-av_icon_box-25e72bcb213e28f16d76b5b08282765e\">\n.iconbox.av-av_icon_box-25e72bcb213e28f16d76b5b08282765e .iconbox_icon{\nbackground-color:#69b471;\ncolor:#ffffff;\n}\n.iconbox.av-av_icon_box-25e72bcb213e28f16d76b5b08282765e .iconbox_icon.avia-svg-icon svg:first-child{\nfill:#ffffff;\nstroke:#ffffff;\n}\n<\/style>\n<article  class='iconbox iconbox_right_content av-av_icon_box-25e72bcb213e28f16d76b5b08282765e  avia-builder-el-10  el_after_av_hr  el_before_av_hr '  itemscope=\"itemscope\" itemtype=\"https:\/\/schema.org\/CreativeWork\" ><div class='iconbox_icon heading-color avia-iconfont avia-font-entypo-fontello' data-av_icon='\ue8a0' data-av_iconfont='entypo-fontello'  ><\/div><div class=\"iconbox_content\"><header class=\"entry-content-header\" aria-label=\"Icon: &lt;span id=&quot;lvl-2&quot;&gt;Level 1 - Freeride Einsteiger&lt;\/span&gt;\"><h3 class='iconbox_content_title '  itemprop=\"headline\" ><span id=\"lvl-2\">Level 1 - Freeride Einsteiger<\/span><\/h3><\/header><div class='iconbox_content_container '  itemprop=\"text\" ><p>Du bist auf der Piste ein ziemlich guter Skifahrer, der auch auf schwarzen Pisten ohne Probleme zurechtkommt? Du beherrschst kurze Schw\u00fcnge und l\u00e4sst auf steilen Abfahrten die B\u00e4ume stehen? Du bist fit und bereit f\u00fcr Neues? Dann empfehlen wir Level 1.<\/p>\n<p>Erfahrung: mindestens 5 Skiwochen auf der Piste.<\/p>\n<p>Freeride-Erfahrung 0-3 Wochen.<\/p>\n<\/div><\/div><footer class=\"entry-footer\"><\/footer><\/article>\n\n<style type=\"text\/css\" data-created_by=\"avia_inline_auto\" id=\"style-css-av-av_hr-0688d0b0b6ed2f8b057db7a8270206df\">\n#top .hr.hr-invisible.av-av_hr-0688d0b0b6ed2f8b057db7a8270206df{\nheight:50px;\n}\n<\/style>\n<div  class='hr av-av_hr-0688d0b0b6ed2f8b057db7a8270206df hr-invisible  avia-builder-el-11  el_after_av_icon_box  el_before_av_icon_box '><span class='hr-inner '><span class=\"hr-inner-style\"><\/span><\/span><\/div>\n\n<style type=\"text\/css\" data-created_by=\"avia_inline_auto\" id=\"style-css-av-av_icon_box-6439c0e30dc86724e9f513beef265b43\">\n.iconbox.av-av_icon_box-6439c0e30dc86724e9f513beef265b43 .iconbox_icon{\nbackground-color:#fedd10;\ncolor:#ffffff;\n}\n.iconbox.av-av_icon_box-6439c0e30dc86724e9f513beef265b43 .iconbox_icon.avia-svg-icon svg:first-child{\nfill:#ffffff;\nstroke:#ffffff;\n}\n<\/style>\n<article  class='iconbox iconbox_right_content av-av_icon_box-6439c0e30dc86724e9f513beef265b43  avia-builder-el-12  el_after_av_hr  el_before_av_hr '  itemscope=\"itemscope\" itemtype=\"https:\/\/schema.org\/CreativeWork\" ><div class='iconbox_icon heading-color avia-iconfont avia-font-entypo-fontello' data-av_icon='\ue8a1' data-av_iconfont='entypo-fontello'  ><\/div><div class=\"iconbox_content\"><header class=\"entry-content-header\" aria-label=\"Icon: &lt;span id=&quot;lvl-2&quot;&gt;Level 2 - Fortgeschrittener Freerider&lt;\/span&gt;\"><h3 class='iconbox_content_title '  itemprop=\"headline\" ><span id=\"lvl-2\">Level 2 - Fortgeschrittener Freerider<\/span><\/h3><\/header><div class='iconbox_content_container '  itemprop=\"text\" ><p>Du bist ein sicherer Freerider in moderatem Gel\u00e4nde? Du bist bereit f\u00fcr die n\u00e4chste Herausforderung? Du willst auch mal schwierigeres Terrain und herausforderndere Schneebedingungen ausprobieren und dabei deine Freeride-Technik weiter verbessern? Dann empfehlen wir Level 2.<\/p>\n<p>Erfahrung: mindestens 10 Skiwochen auf der Piste. Freeride Erfahrung mindestens 3 Wochen mit einem Bergf\u00fchrer.<\/p>\n<\/div><\/div><footer class=\"entry-footer\"><\/footer><\/article>\n\n<style type=\"text\/css\" data-created_by=\"avia_inline_auto\" id=\"style-css-av-av_hr-0688d0b0b6ed2f8b057db7a8270206df\">\n#top .hr.hr-invisible.av-av_hr-0688d0b0b6ed2f8b057db7a8270206df{\nheight:50px;\n}\n<\/style>\n<div  class='hr av-av_hr-0688d0b0b6ed2f8b057db7a8270206df hr-invisible  avia-builder-el-13  el_after_av_icon_box  el_before_av_icon_box '><span class='hr-inner '><span class=\"hr-inner-style\"><\/span><\/span><\/div>\n\n<style type=\"text\/css\" data-created_by=\"avia_inline_auto\" id=\"style-css-av-av_icon_box-8e65080a5d45e8529ac09858eba6f703\">\n.iconbox.av-av_icon_box-8e65080a5d45e8529ac09858eba6f703 .iconbox_icon{\nbackground-color:#c7363a;\ncolor:#ffffff;\n}\n.iconbox.av-av_icon_box-8e65080a5d45e8529ac09858eba6f703 .iconbox_icon.avia-svg-icon svg:first-child{\nfill:#ffffff;\nstroke:#ffffff;\n}\n<\/style>\n<article  class='iconbox iconbox_right_content av-av_icon_box-8e65080a5d45e8529ac09858eba6f703  avia-builder-el-14  el_after_av_hr  el_before_av_hr '  itemscope=\"itemscope\" itemtype=\"https:\/\/schema.org\/CreativeWork\" ><div class='iconbox_icon heading-color avia-iconfont avia-font-entypo-fontello' data-av_icon='\ue8a2' data-av_iconfont='entypo-fontello'  ><\/div><div class=\"iconbox_content\"><header class=\"entry-content-header\" aria-label=\"Icon: &lt;span id=&quot;lvl-3&quot;&gt;Level 3 - Freeride Experte&lt;\/span&gt;\"><h3 class='iconbox_content_title '  itemprop=\"headline\" ><span id=\"lvl-3\">Level 3 - Freeride Experte<\/span><\/h3><\/header><div class='iconbox_content_container '  itemprop=\"text\" ><p>Steiles Gel\u00e4nde, enge Rinnen und l\u00e4ngere Aufstiege bew\u00e4ltigst du auch bei weniger guten Bedingungen? Du kannst mit deiner Sicherheitsausr\u00fcstung umgehen, hast ein ausgepr\u00e4gtes Verst\u00e4ndnis von Sicherheit am Berg und wei\u00dft, was im Notfall zu tun ist? Dann bist du bereit f\u00fcr Level 3.<\/p>\n<p>Erfahrung: mindestens 15 Skiwochen auf der Piste. Freeride Erfahrung mindestens 6 Wochen.<\/p>\n<\/div><\/div><footer class=\"entry-footer\"><\/footer><\/article>\n\n<style type=\"text\/css\" data-created_by=\"avia_inline_auto\" id=\"style-css-av-av_hr-0688d0b0b6ed2f8b057db7a8270206df\">\n#top .hr.hr-invisible.av-av_hr-0688d0b0b6ed2f8b057db7a8270206df{\nheight:50px;\n}\n<\/style>\n<div  class='hr av-av_hr-0688d0b0b6ed2f8b057db7a8270206df hr-invisible  avia-builder-el-15  el_after_av_icon_box  el_before_av_section  avia-builder-el-last '><span class='hr-inner '><span class=\"hr-inner-style\"><\/span><\/span><\/div>\n<\/div><\/div><\/div><!-- close content main div --><\/div><\/div>\n<style type=\"text\/css\" data-created_by=\"avia_inline_auto\" id=\"style-css-av-av_section-b70801879c3517f4c165697553516c6b\">\n.avia-section.av-av_section-b70801879c3517f4c165697553516c6b{\nbackground-repeat:no-repeat;\nbackground-image:url(https:\/\/pistetopowder.com\/wp-content\/uploads\/2015\/02\/flomotion.at-pistetopowder-groups01.jpg);\nbackground-position:50% 0%;\nbackground-attachment:fixed;\n}\n.avia-section.av-av_section-b70801879c3517f4c165697553516c6b .av-section-color-overlay{\nopacity:0.4;\nbackground-color:#000000;\n}\n<\/style>\n<div id='year'  class='avia-section av-av_section-b70801879c3517f4c165697553516c6b main_color avia-section-huge avia-no-border-styling  avia-builder-el-16  el_after_av_hr  el_before_av_section  avia-full-stretch avia-bg-style-fixed av-section-color-overlay-active av-minimum-height av-minimum-height-75 av-height-75  container_wrap sidebar_right'  data-section-bg-repeat='stretch' data-av_minimum_height_pc='75' data-av_min_height_opt='75'><div class=\"av-section-color-overlay-wrap\"><div class=\"av-section-color-overlay\"><\/div><div class='container av-section-cont-open' ><div class='template-page content  av-content-small alpha units'><div class='post-entry post-entry-type-page post-entry-1634'><div class='entry-content-wrapper clearfix'>\n<div  class='flex_column av-av_one_fifth-2a9015ff38129c418a3f2eafba3e9512 av_one_fifth  avia-builder-el-17  el_before_av_three_fifth  avia-builder-el-first  first flex_column_div  '     ><\/div>\n<style type=\"text\/css\" data-created_by=\"avia_inline_auto\" id=\"style-css-av-av_three_fifth-2a64de42b738552fe666ca889af77e28\">\n.flex_column.av-av_three_fifth-2a64de42b738552fe666ca889af77e28{\nborder-radius:0px 0px 0px 0px;\npadding:0px 0px 0px 0px;\n}\n<\/style>\n<div  class='flex_column av-av_three_fifth-2a64de42b738552fe666ca889af77e28 av_three_fifth  avia-builder-el-18  el_after_av_one_fifth  el_before_av_one_fifth  flex_column_div av-zero-column-padding  '     ><style type=\"text\/css\" data-created_by=\"avia_inline_auto\" id=\"style-css-av-looefxc2-233208853962b9963610b6784d6ac495\">\n#top .av-special-heading.av-looefxc2-233208853962b9963610b6784d6ac495{\npadding-bottom:10px;\ncolor:#ffffff;\nfont-size:32px;\n}\nbody .av-special-heading.av-looefxc2-233208853962b9963610b6784d6ac495 .av-special-heading-tag .heading-char{\nfont-size:25px;\n}\n#top #wrap_all .av-special-heading.av-looefxc2-233208853962b9963610b6784d6ac495 .av-special-heading-tag{\nfont-size:32px;\n}\n.av-special-heading.av-looefxc2-233208853962b9963610b6784d6ac495 .special-heading-inner-border{\nborder-color:#ffffff;\n}\n.av-special-heading.av-looefxc2-233208853962b9963610b6784d6ac495 .av-subheading{\nfont-size:15px;\n}\n\n@media only screen and (min-width: 480px) and (max-width: 767px){ \n#top #wrap_all .av-special-heading.av-looefxc2-233208853962b9963610b6784d6ac495 .av-special-heading-tag{\nfont-size:0.8em;\n}\n}\n\n@media only screen and (max-width: 479px){ \n#top #wrap_all .av-special-heading.av-looefxc2-233208853962b9963610b6784d6ac495 .av-special-heading-tag{\nfont-size:0.8em;\n}\n}\n<\/style>\n<div  class='av-special-heading av-looefxc2-233208853962b9963610b6784d6ac495 av-special-heading-h4 custom-color-heading blockquote modern-quote modern-centered  avia-builder-el-19  avia-builder-el-no-sibling  av-inherit-size'><h4 class='av-special-heading-tag '  itemprop=\"headline\"  >\u00dcber 25 Jahre Erfahrung am Arlberg bringen ultimativen Spa\u00df und Sicherheit auf einen Nenner!<\/h4><div class=\"special-heading-border\"><div class=\"special-heading-inner-border\"><\/div><\/div><\/div><\/div>\n<style type=\"text\/css\" data-created_by=\"avia_inline_auto\" id=\"style-css-av-av_one_fifth-2a64de42b738552fe666ca889af77e28\">\n.flex_column.av-av_one_fifth-2a64de42b738552fe666ca889af77e28{\nborder-radius:0px 0px 0px 0px;\npadding:0px 0px 0px 0px;\n}\n<\/style>\n<div  class='flex_column av-av_one_fifth-2a64de42b738552fe666ca889af77e28 av_one_fifth  avia-builder-el-20  el_after_av_three_fifth  avia-builder-el-last  flex_column_div av-zero-column-padding  '     ><\/div><\/div><\/div><\/div><!-- close content main div --><\/div><\/div><\/div>\n<style type=\"text\/css\" data-created_by=\"avia_inline_auto\" id=\"style-css-av-av_section-4a342852e98369ac43a7608c0e6d60df\">\n.avia-section.av-av_section-4a342852e98369ac43a7608c0e6d60df{\nbackground-color:#cccccc;\nbackground-image:unset;\n}\n<\/style>\n<div id='av_section_3'  class='avia-section av-av_section-4a342852e98369ac43a7608c0e6d60df main_color avia-section-small avia-no-shadow  avia-builder-el-21  el_after_av_section  avia-builder-el-last  avia-bg-style-scroll container_wrap sidebar_right'  ><div class='container av-section-cont-open' ><div class='template-page content  av-content-small alpha units'><div class='post-entry post-entry-type-page post-entry-1634'><div class='entry-content-wrapper clearfix'>\n<div  class='avia-button-wrap av-av_button-f0f0f879f5ee617a0b5905539d9541e1-wrap avia-button-center  avia-builder-el-22  avia-builder-el-no-sibling '><a href='https:\/\/pistetopowder.com\/de\/anfragen-buchen-2\/'  class='avia-button av-av_button-f0f0f879f5ee617a0b5905539d9541e1 av-link-btn avia-icon_select-no avia-size-x-large avia-position-center avia-color-theme-color'   aria-label=\"JETZT BUCHEN\"><span class='avia_iconbox_title' >JETZT BUCHEN<\/span><\/a><\/div>\n<\/div><\/div><\/div><!-- close content main div --><\/div><\/div><div id='after_section_3'  class='main_color av_default_container_wrap container_wrap sidebar_right'  ><div class='container av-section-cont-open' ><div class='template-page content  av-content-small alpha units'><div class='post-entry post-entry-type-page post-entry-1634'><div class='entry-content-wrapper clearfix'><\/p>\n","protected":false},"excerpt":{"rendered":"","protected":false},"author":1,"featured_media":0,"parent":0,"menu_order":0,"comment_status":"closed","ping_status":"closed","template":"","meta":{"_monsterinsights_skip_tracking":false,"_monsterinsights_sitenote_active":false,"_monsterinsights_sitenote_note":"","_monsterinsights_sitenote_category":0,"footnotes":""},"class_list":["post-1634","page","type-page","status-publish","hentry"],"yoast_head":"<!-- This site is optimized with the Yoast SEO Premium plugin v26.7 (Yoast SEO v26.7) - https:\/\/yoast.com\/wordpress\/plugins\/seo\/ -->\n<title>Ski Level &#187; Piste To Powder \u2122 - Off piste skiing and freeriding- ski &amp; mountain guides St. Anton Arlberg<\/title>\n<meta name=\"description\" content=\"Ski Level &#187; Piste To Powder \u2122 - Off piste skiing and freeriding- ski &amp; mountain guides St. Anton Arlberg\" \/>\n<meta name=\"robots\" content=\"index, follow, max-snippet:-1, max-image-preview:large, max-video-preview:-1\" \/>\n<link rel=\"canonical\" href=\"https:\/\/pistetopowder.com\/de\/ski-level\/\" \/>\n<meta property=\"og:locale\" content=\"de_DE\" \/>\n<meta property=\"og:type\" content=\"article\" \/>\n<meta property=\"og:title\" content=\"Ski Level\" \/>\n<meta property=\"og:description\" content=\"Ski Level &#187; Piste To Powder \u2122 - Off piste skiing and freeriding- ski &amp; mountain guides St. Anton Arlberg\" \/>\n<meta property=\"og:url\" content=\"https:\/\/pistetopowder.com\/de\/ski-level\/\" \/>\n<meta property=\"og:site_name\" content=\"Piste To Powder \u2122 - Off piste skiing and freeriding- ski &amp; mountain guides St. Anton Arlberg\" \/>\n<meta property=\"article:publisher\" content=\"https:\/\/www.facebook.com\/pistetopowder\" \/>\n<meta property=\"article:modified_time\" content=\"2023-11-07T14:01:12+00:00\" \/>\n<meta name=\"twitter:card\" content=\"summary_large_image\" \/>\n<meta name=\"twitter:site\" content=\"@pistetopowder\" \/>\n<meta name=\"twitter:label1\" content=\"Gesch\u00e4tzte Lesezeit\" \/>\n\t<meta name=\"twitter:data1\" content=\"4\u00a0Minuten\" \/>\n<script type=\"application\/ld+json\" class=\"yoast-schema-graph\">{\"@context\":\"https:\/\/schema.org\",\"@graph\":[{\"@type\":\"WebPage\",\"@id\":\"https:\/\/pistetopowder.com\/de\/ski-level\/\",\"url\":\"https:\/\/pistetopowder.com\/de\/ski-level\/\",\"name\":\"Ski Level &#187; Piste To Powder \u2122 - Off piste skiing and freeriding- ski &amp; mountain guides St. Anton Arlberg\",\"isPartOf\":{\"@id\":\"https:\/\/pistetopowder.com\/de\/#website\"},\"datePublished\":\"2015-10-03T13:08:54+00:00\",\"dateModified\":\"2023-11-07T14:01:12+00:00\",\"description\":\"Ski Level &#187; Piste To Powder \u2122 - Off piste skiing and freeriding- ski &amp; mountain guides St. Anton Arlberg\",\"breadcrumb\":{\"@id\":\"https:\/\/pistetopowder.com\/de\/ski-level\/#breadcrumb\"},\"inLanguage\":\"de\",\"potentialAction\":[{\"@type\":\"ReadAction\",\"target\":[\"https:\/\/pistetopowder.com\/de\/ski-level\/\"]}]},{\"@type\":\"BreadcrumbList\",\"@id\":\"https:\/\/pistetopowder.com\/de\/ski-level\/#breadcrumb\",\"itemListElement\":[{\"@type\":\"ListItem\",\"position\":1,\"name\":\"Startseite\",\"item\":\"https:\/\/pistetopowder.com\/de\/\"},{\"@type\":\"ListItem\",\"position\":2,\"name\":\"Ski Level\"}]},{\"@type\":\"WebSite\",\"@id\":\"https:\/\/pistetopowder.com\/de\/#website\",\"url\":\"https:\/\/pistetopowder.com\/de\/\",\"name\":\"Piste To Powder \u2122 - Off piste skiing and freeriding- ski &amp; mountain guides St. Anton Arlberg\",\"description\":\"UIAGM ski &amp; mountain guides St. Anton - open groups and private off piste ski guiding Arlberg - freeride in Stuben, Lech, Zurs &amp; beyond - incl. all safety equipment\",\"publisher\":{\"@id\":\"https:\/\/pistetopowder.com\/de\/#organization\"},\"potentialAction\":[{\"@type\":\"SearchAction\",\"target\":{\"@type\":\"EntryPoint\",\"urlTemplate\":\"https:\/\/pistetopowder.com\/de\/?s={search_term_string}\"},\"query-input\":{\"@type\":\"PropertyValueSpecification\",\"valueRequired\":true,\"valueName\":\"search_term_string\"}}],\"inLanguage\":\"de\"},{\"@type\":\"Organization\",\"@id\":\"https:\/\/pistetopowder.com\/de\/#organization\",\"name\":\"Piste To Powder | Mountain Guides St. Anton\",\"url\":\"https:\/\/pistetopowder.com\/de\/\",\"logo\":{\"@type\":\"ImageObject\",\"inLanguage\":\"de\",\"@id\":\"https:\/\/pistetopowder.com\/de\/#\/schema\/logo\/image\/\",\"url\":\"https:\/\/pistetopowder.com\/wp-content\/uploads\/2015\/12\/logo-ptp-gross.png\",\"contentUrl\":\"https:\/\/pistetopowder.com\/wp-content\/uploads\/2015\/12\/logo-ptp-gross.png\",\"width\":500,\"height\":229,\"caption\":\"Piste To Powder | Mountain Guides St. Anton\"},\"image\":{\"@id\":\"https:\/\/pistetopowder.com\/de\/#\/schema\/logo\/image\/\"},\"sameAs\":[\"https:\/\/www.facebook.com\/pistetopowder\",\"https:\/\/x.com\/pistetopowder\",\"https:\/\/www.instagram.com\/pistetopowder_stanton\",\"https:\/\/www.youtube.com\/channel\/UC38ohVAFYTos4ZBZCeTcITA\"]}]}<\/script>\n<!-- \/ Yoast SEO Premium plugin. -->","yoast_head_json":{"title":"Ski Level &#187; Piste To Powder \u2122 - Off piste skiing and freeriding- ski &amp; mountain guides St. Anton Arlberg","description":"Ski Level &#187; Piste To Powder \u2122 - Off piste skiing and freeriding- ski &amp; mountain guides St. Anton Arlberg","robots":{"index":"index","follow":"follow","max-snippet":"max-snippet:-1","max-image-preview":"max-image-preview:large","max-video-preview":"max-video-preview:-1"},"canonical":"https:\/\/pistetopowder.com\/de\/ski-level\/","og_locale":"de_DE","og_type":"article","og_title":"Ski Level","og_description":"Ski Level &#187; Piste To Powder \u2122 - Off piste skiing and freeriding- ski &amp; mountain guides St. Anton Arlberg","og_url":"https:\/\/pistetopowder.com\/de\/ski-level\/","og_site_name":"Piste To Powder \u2122 - Off piste skiing and freeriding- ski &amp; mountain guides St. Anton Arlberg","article_publisher":"https:\/\/www.facebook.com\/pistetopowder","article_modified_time":"2023-11-07T14:01:12+00:00","twitter_card":"summary_large_image","twitter_site":"@pistetopowder","twitter_misc":{"Gesch\u00e4tzte Lesezeit":"4\u00a0Minuten"},"schema":{"@context":"https:\/\/schema.org","@graph":[{"@type":"WebPage","@id":"https:\/\/pistetopowder.com\/de\/ski-level\/","url":"https:\/\/pistetopowder.com\/de\/ski-level\/","name":"Ski Level &#187; Piste To Powder \u2122 - Off piste skiing and freeriding- ski &amp; mountain guides St. Anton Arlberg","isPartOf":{"@id":"https:\/\/pistetopowder.com\/de\/#website"},"datePublished":"2015-10-03T13:08:54+00:00","dateModified":"2023-11-07T14:01:12+00:00","description":"Ski Level &#187; Piste To Powder \u2122 - Off piste skiing and freeriding- ski &amp; mountain guides St. Anton Arlberg","breadcrumb":{"@id":"https:\/\/pistetopowder.com\/de\/ski-level\/#breadcrumb"},"inLanguage":"de","potentialAction":[{"@type":"ReadAction","target":["https:\/\/pistetopowder.com\/de\/ski-level\/"]}]},{"@type":"BreadcrumbList","@id":"https:\/\/pistetopowder.com\/de\/ski-level\/#breadcrumb","itemListElement":[{"@type":"ListItem","position":1,"name":"Startseite","item":"https:\/\/pistetopowder.com\/de\/"},{"@type":"ListItem","position":2,"name":"Ski Level"}]},{"@type":"WebSite","@id":"https:\/\/pistetopowder.com\/de\/#website","url":"https:\/\/pistetopowder.com\/de\/","name":"Piste To Powder \u2122 - Off piste skiing and freeriding- ski &amp; mountain guides St. Anton Arlberg","description":"UIAGM ski &amp; mountain guides St. Anton - open groups and private off piste ski guiding Arlberg - freeride in Stuben, Lech, Zurs &amp; beyond - incl. all safety equipment","publisher":{"@id":"https:\/\/pistetopowder.com\/de\/#organization"},"potentialAction":[{"@type":"SearchAction","target":{"@type":"EntryPoint","urlTemplate":"https:\/\/pistetopowder.com\/de\/?s={search_term_string}"},"query-input":{"@type":"PropertyValueSpecification","valueRequired":true,"valueName":"search_term_string"}}],"inLanguage":"de"},{"@type":"Organization","@id":"https:\/\/pistetopowder.com\/de\/#organization","name":"Piste To Powder | Mountain Guides St. Anton","url":"https:\/\/pistetopowder.com\/de\/","logo":{"@type":"ImageObject","inLanguage":"de","@id":"https:\/\/pistetopowder.com\/de\/#\/schema\/logo\/image\/","url":"https:\/\/pistetopowder.com\/wp-content\/uploads\/2015\/12\/logo-ptp-gross.png","contentUrl":"https:\/\/pistetopowder.com\/wp-content\/uploads\/2015\/12\/logo-ptp-gross.png","width":500,"height":229,"caption":"Piste To Powder | Mountain Guides St. Anton"},"image":{"@id":"https:\/\/pistetopowder.com\/de\/#\/schema\/logo\/image\/"},"sameAs":["https:\/\/www.facebook.com\/pistetopowder","https:\/\/x.com\/pistetopowder","https:\/\/www.instagram.com\/pistetopowder_stanton","https:\/\/www.youtube.com\/channel\/UC38ohVAFYTos4ZBZCeTcITA"]}]}},"_links":{"self":[{"href":"https:\/\/pistetopowder.com\/de\/wp-json\/wp\/v2\/pages\/1634","targetHints":{"allow":["GET"]}}],"collection":[{"href":"https:\/\/pistetopowder.com\/de\/wp-json\/wp\/v2\/pages"}],"about":[{"href":"https:\/\/pistetopowder.com\/de\/wp-json\/wp\/v2\/types\/page"}],"author":[{"embeddable":true,"href":"https:\/\/pistetopowder.com\/de\/wp-json\/wp\/v2\/users\/1"}],"replies":[{"embeddable":true,"href":"https:\/\/pistetopowder.com\/de\/wp-json\/wp\/v2\/comments?post=1634"}],"version-history":[{"count":2,"href":"https:\/\/pistetopowder.com\/de\/wp-json\/wp\/v2\/pages\/1634\/revisions"}],"predecessor-version":[{"id":5055,"href":"https:\/\/pistetopowder.com\/de\/wp-json\/wp\/v2\/pages\/1634\/revisions\/5055"}],"wp:attachment":[{"href":"https:\/\/pistetopowder.com\/de\/wp-json\/wp\/v2\/media?parent=1634"}],"curies":[{"name":"wp","href":"https:\/\/api.w.org\/{rel}","templated":true}]}}